{"id":13341,"date":"2015-09-11T11:51:59","date_gmt":"2015-09-11T10:51:59","guid":{"rendered":"https:\/\/help.instantatlas.com\/dashboard-builder-desktop\/german-getting-started\/installieren-von-instantatlas\/"},"modified":"2021-12-01T22:09:57","modified_gmt":"2021-12-01T22:09:57","slug":"installieren-von-instantatlas","status":"publish","type":"page","link":"https:\/\/help.instantatlas.com\/instantatlas-desktop\/de\/willkommen\/erste-schritte-mit-instantatlas\/installieren-von-instantatlas\/","title":{"rendered":"Installieren von InstantAtlas"},"content":{"rendered":"<p>Installieren Sie InstantAtlas, indem Sie auf die heruntergeladene\u00a0 Installationsdatei (.exe) doppelklicken. Sie k\u00f6nnen ausw\u00e4hlen, in welcher Sprache die Installation ausgef\u00fchrt werden soll.<\/p>\n<p><a href=\"https:\/\/help.instantatlas.com\/instantatlas-desktop\/wp-content\/uploads\/sites\/31\/2019\/04\/Installer_Select_Language_DE.png\"><img loading=\"lazy\" decoding=\"async\" src=\"https:\/\/help.instantatlas.com\/instantatlas-desktop\/wp-content\/uploads\/sites\/31\/2019\/04\/Installer_Select_Language_DE.png\" alt=\"\" class=\"alignnone size-full wp-image-33447\" width=\"340\" height=\"142\" srcset=\"https:\/\/help.instantatlas.com\/instantatlas-desktop\/wp-content\/uploads\/sites\/31\/2019\/04\/Installer_Select_Language_DE.png 340w, https:\/\/help.instantatlas.com\/instantatlas-desktop\/wp-content\/uploads\/sites\/31\/2019\/04\/Installer_Select_Language_DE-300x125.png 300w\" sizes=\"auto, (max-width: 340px) 100vw, 340px\" \/><\/a><\/p>\n<p>Sie haben die M\u00f6glichkeit, die Lizenzvereinbarung der Software zu lesen und ihr zuzustimmen.<\/p>\n<p><a href=\"https:\/\/help.instantatlas.com\/instantatlas-desktop\/wp-content\/uploads\/sites\/31\/2020\/11\/EULA_de.png\"><img loading=\"lazy\" decoding=\"async\" src=\"https:\/\/help.instantatlas.com\/instantatlas-desktop\/wp-content\/uploads\/sites\/31\/2020\/11\/EULA_de.png\" alt=\"\" class=\"alignnone size-full wp-image-33802\" width=\"495\" height=\"387\" srcset=\"https:\/\/help.instantatlas.com\/instantatlas-desktop\/wp-content\/uploads\/sites\/31\/2020\/11\/EULA_de.png 495w, https:\/\/help.instantatlas.com\/instantatlas-desktop\/wp-content\/uploads\/sites\/31\/2020\/11\/EULA_de-300x235.png 300w\" sizes=\"auto, (max-width: 495px) 100vw, 495px\" \/><\/a><\/p>\n<p>Wenn Sie der Lizenzvereinbarung zustimmen, haben sie die Wahl zwischen einer Standard- und einer fortgeschrittenen Installation.<\/p>\n<p><a href=\"https:\/\/help.instantatlas.com\/instantatlas-desktop\/wp-content\/uploads\/sites\/31\/2020\/11\/InstType_de.png\"><img loading=\"lazy\" decoding=\"async\" src=\"https:\/\/help.instantatlas.com\/instantatlas-desktop\/wp-content\/uploads\/sites\/31\/2020\/11\/InstType_de.png\" alt=\"\" class=\"alignnone size-full wp-image-33804\" width=\"495\" height=\"387\" srcset=\"https:\/\/help.instantatlas.com\/instantatlas-desktop\/wp-content\/uploads\/sites\/31\/2020\/11\/InstType_de.png 495w, https:\/\/help.instantatlas.com\/instantatlas-desktop\/wp-content\/uploads\/sites\/31\/2020\/11\/InstType_de-300x235.png 300w\" sizes=\"auto, (max-width: 495px) 100vw, 495px\" \/><\/a><\/p>\n<p>Die Standard-Installation ist f\u00fcr die meisten Benutzer ausreichend. Sie sollten nur dann die fortgeschrittene Installation w\u00e4hlen wenn Sie eine der folgenden Aktionen ausf\u00fchren m\u00f6chten:<\/p>\n<ol>\n<li><span>Die standardm\u00e4\u00dfigen Einstellungen zum Einrichten von Verkn\u00fcpfungen ver\u00e4ndern<\/span><\/li>\n<li><span>Die standardm\u00e4\u00dfigen Einstellungen f\u00fcr Dateiverbindungen ver\u00e4ndern<\/span><\/li>\n<li><span>Die standardm\u00e4\u00dfigen Einstellungen f\u00fcr zu installierenden Sprachpakete ver\u00e4ndern<\/span><\/li>\n<li><span>Den standardm\u00e4\u00dfigen Installationsort f\u00fcr InstantAtlas ver\u00e4ndern<\/span><\/li>\n<\/ol>\n<p>Es gibt Sprachpakete f\u00fcr Englisch (Gro\u00dfbritannien), Englisch (USA), Franz\u00f6sisch, Deutsch und Spanisch. Die Standard-Installation beinhaltet das\/die entsprechende(n) Sprachpaket(e) basierend auf der gew\u00e4hlten Sprache f\u00fcr die Installation und die Spracheinstellungen (regionalen Einstellungen) Ihres Computerbetriebssystems. Die fortgeschrittene Installation gibt Ihnen mehr Flexibilit\u00e4t dar\u00fcber, welche Sprachpakete installiert werden.<\/p>\n<p>Fall Sie die fortgeschrittene Installation w\u00e4hlen, haben Sie mehrere Optionen zur Wahl.<\/p>\n<p><a href=\"https:\/\/help.instantatlas.com\/instantatlas-desktop\/wp-content\/uploads\/sites\/31\/2020\/11\/InstType2_de.png\"><img loading=\"lazy\" decoding=\"async\" src=\"https:\/\/help.instantatlas.com\/instantatlas-desktop\/wp-content\/uploads\/sites\/31\/2020\/11\/InstType2_de.png\" alt=\"\" class=\"alignnone size-full wp-image-33805\" width=\"495\" height=\"387\" srcset=\"https:\/\/help.instantatlas.com\/instantatlas-desktop\/wp-content\/uploads\/sites\/31\/2020\/11\/InstType2_de.png 495w, https:\/\/help.instantatlas.com\/instantatlas-desktop\/wp-content\/uploads\/sites\/31\/2020\/11\/InstType2_de-300x235.png 300w\" sizes=\"auto, (max-width: 495px) 100vw, 495px\" \/><\/a><\/p>\n<p>Die oberste Option ist die gleiche wie die Standard-Installation. Die Option \u201eVollst\u00e4ndig\u201c installiert alle Sprachpakete. Die Option \u201eBenutzerdefiniert\u201c erlaubt es Ihnen, exakt auszuw\u00e4hlen, welche Sprachpakete installiert werden. Auch k\u00f6nnen Sie mit dieser Option den Installationsort f\u00fcr InstantAtlas ver\u00e4ndern.<\/p>\n<p><a href=\"https:\/\/help.instantatlas.com\/instantatlas-desktop\/wp-content\/uploads\/sites\/31\/2020\/11\/CustomInst_de.png\"><img loading=\"lazy\" decoding=\"async\" src=\"https:\/\/help.instantatlas.com\/instantatlas-desktop\/wp-content\/uploads\/sites\/31\/2020\/11\/CustomInst_de.png\" alt=\"\" class=\"alignnone size-full wp-image-33806\" width=\"495\" height=\"387\" srcset=\"https:\/\/help.instantatlas.com\/instantatlas-desktop\/wp-content\/uploads\/sites\/31\/2020\/11\/CustomInst_de.png 495w, https:\/\/help.instantatlas.com\/instantatlas-desktop\/wp-content\/uploads\/sites\/31\/2020\/11\/CustomInst_de-300x235.png 300w\" sizes=\"auto, (max-width: 495px) 100vw, 495px\" \/><\/a><\/p>\n<p>Um ein Sprachpaket in die Installation mit aufzunehmen, klicken Sie auf das rote Kreuz <img decoding=\"async\" src=\"https:\/\/help.instantatlas.com\/instantatlas-desktop\/wp-content\/uploads\/sites\/31\/2015\/08\/imageXX-e1439984153620.png\" \/> links neben dem Sprachpaket und w\u00e4hlen Sie die Option \u201eInstalliert auf der eigenen Festplatte\u201c.<\/p>\n<p>Nach der Installation empfehlen wir, den InstantAtlas Publisher zu starten. Sie sollten einen Willkommensbildschirm sehen sowie &#8216;Weiter&#8217; und &#8216;Zur\u00fcck&#8217; Schaltfl\u00e4chen, mit deren Hilfe Sie durch die Schritte zum <a href=\"https:\/\/help.instantatlas.com\/instantatlas-desktop\/de\/willkommen\/erste-schritte-mit-instantatlas\/erstellen-ihres-ersten-instantatlas-berichts\/\">Erstellen Ihres ersten InstantAtlas-Berichts<\/a> geleitet werden.<\/p>\n","protected":false},"excerpt":{"rendered":"<p>Installieren Sie InstantAtlas, indem Sie auf die heruntergeladene\u00a0 Installationsdatei (.exe) doppelklicken. Sie k\u00f6nnen ausw\u00e4hlen, in welcher Sprache die Installation ausgef\u00fchrt werden soll. Sie haben die M\u00f6glichkeit, die Lizenzvereinbarung der Software zu lesen und ihr zuzustimmen. Wenn Sie der Lizenzvereinbarung zustimmen, haben sie die Wahl zwischen einer Standard- und einer fortgeschrittenen Installation. Die Standard-Installation ist f\u00fcr &hellip; <a href=\"https:\/\/help.instantatlas.com\/instantatlas-desktop\/de\/willkommen\/erste-schritte-mit-instantatlas\/installieren-von-instantatlas\/\" class=\"more-link\">Continue reading <span class=\"screen-reader-text\">Installieren von InstantAtlas<\/span><\/a><\/p>\n","protected":false},"author":22,"featured_media":0,"parent":13141,"menu_order":1,"comment_status":"closed","ping_status":"closed","template":"","meta":{"footnotes":""},"class_list":["post-13341","page","type-page","status-publish","hentry"],"_links":{"self":[{"href":"https:\/\/help.instantatlas.com\/instantatlas-desktop\/wp-json\/wp\/v2\/pages\/13341","targetHints":{"allow":["GET"]}}],"collection":[{"href":"https:\/\/help.instantatlas.com\/instantatlas-desktop\/wp-json\/wp\/v2\/pages"}],"about":[{"href":"https:\/\/help.instantatlas.com\/instantatlas-desktop\/wp-json\/wp\/v2\/types\/page"}],"author":[{"embeddable":true,"href":"https:\/\/help.instantatlas.com\/instantatlas-desktop\/wp-json\/wp\/v2\/users\/22"}],"replies":[{"embeddable":true,"href":"https:\/\/help.instantatlas.com\/instantatlas-desktop\/wp-json\/wp\/v2\/comments?post=13341"}],"version-history":[{"count":0,"href":"https:\/\/help.instantatlas.com\/instantatlas-desktop\/wp-json\/wp\/v2\/pages\/13341\/revisions"}],"up":[{"embeddable":true,"href":"https:\/\/help.instantatlas.com\/instantatlas-desktop\/wp-json\/wp\/v2\/pages\/13141"}],"wp:attachment":[{"href":"https:\/\/help.instantatlas.com\/instantatlas-desktop\/wp-json\/wp\/v2\/media?parent=13341"}],"curies":[{"name":"wp","href":"https:\/\/api.w.org\/{rel}","templated":true}]}}