{"id":19681,"date":"2016-03-24T16:48:28","date_gmt":"2016-03-24T16:48:28","guid":{"rendered":"https:\/\/help.instantatlas.com\/instantatlas-desktop\/?page_id=19681"},"modified":"2020-11-09T21:50:27","modified_gmt":"2020-11-09T21:50:27","slug":"empezar-con-instantatlas","status":"publish","type":"page","link":"https:\/\/help.instantatlas.com\/instantatlas-desktop\/es\/bienvenido\/empezar-con-instantatlas\/","title":{"rendered":"Empezar con InstantAtlas"},"content":{"rendered":"<p>Este documento le proporciona instrucciones sobre c\u00f3mo activar el software InstantAtlas y le gu\u00eda en el proceso de publicar un informe din\u00e1mico para la ciudad de Edimburgo.<span style=\"color: #0000ff;\"><br \/>\n<\/span><\/p>\n<p><img loading=\"lazy\" decoding=\"async\" src=\"https:\/\/help.instantatlas.com\/instantatlas-desktop\/wp-content\/uploads\/sites\/31\/2015\/08\/Flags.png\" class=\"alignnone\" width=\"44\" height=\"44\" \/>\u00a0Una vez que haya publicado su primer informe para los sectores de c\u00f3digo postal para la ciudad de Edimburgo, quiz\u00e1s quiera repetir el ejercicio usando nuestros datos para Luisiana y\/o Am\u00e9rica del Norte proporcionada con su software InstantAtlas.<\/p>\n<p>Estas p\u00e1ginas hacen referencia a datos de un mapa digital proporcionado con InstantAtlas. Encontrar\u00e1 los t\u00e9rminos de uso para estos datos de muestra en un documento PDF ubicado en las carpetas \u2018maps\u2019 (mapas) e \u2018images\u2019 (im\u00e1genes) de su software InstantAtlas en C:\\Archivos de programa\\EsriUK\\InstantAtlas.<\/p>\n<p><strong><span class=\"tlid-translation translation\" lang=\"es\"><span title=\"\" class=\"\">Por favor seleccione una secci\u00f3n:<\/span><\/span><\/strong><\/p>\n\n<!-- Page-list plugin v.5.4 wordpress.org\/plugins\/page-list\/ -->\n<ul class=\"page-list subpages-page-list \">\n<li class=\"page_item page-item-22521\"><a href=\"https:\/\/help.instantatlas.com\/instantatlas-desktop\/es\/bienvenido\/empezar-con-instantatlas\/requisitos-tecnicos\/\">Requisitos t\u00e9cnicos<\/a><\/li>\n<li class=\"page_item page-item-22561\"><a href=\"https:\/\/help.instantatlas.com\/instantatlas-desktop\/es\/bienvenido\/empezar-con-instantatlas\/instalar-instantatlas\/\">Instalar InstantAtlas<\/a><\/li>\n<li class=\"page_item page-item-22661\"><a href=\"https:\/\/help.instantatlas.com\/instantatlas-desktop\/es\/bienvenido\/empezar-con-instantatlas\/publicar-su-primer-informe-instantatlas\/\">Publicar su primer informe InstantAtlas<\/a><\/li>\n<li class=\"page_item page-item-33948\"><a href=\"https:\/\/help.instantatlas.com\/instantatlas-desktop\/es\/bienvenido\/empezar-con-instantatlas\/iniciar-su-informe-dinamico\/\">Iniciar su informe din\u00e1mico<\/a><\/li>\n<li class=\"page_item page-item-23041\"><a href=\"https:\/\/help.instantatlas.com\/instantatlas-desktop\/es\/bienvenido\/empezar-con-instantatlas\/cambiar-los-datos\/\">Cambiar los datos<\/a><\/li>\n<li class=\"page_item page-item-23121\"><a href=\"https:\/\/help.instantatlas.com\/instantatlas-desktop\/es\/bienvenido\/empezar-con-instantatlas\/cambiar-el-estilo\/\">Cambiar el estilo<\/a><\/li>\n<li class=\"page_item page-item-23141\"><a href=\"https:\/\/help.instantatlas.com\/instantatlas-desktop\/es\/bienvenido\/empezar-con-instantatlas\/publicar-un-informe-para-luisiana\/\">Publicar un informe para Luisiana<\/a><\/li>\n<li class=\"page_item page-item-23161\"><a href=\"https:\/\/help.instantatlas.com\/instantatlas-desktop\/es\/bienvenido\/empezar-con-instantatlas\/publicar-un-informe-con-puntos\/\">Publicar un informe con puntos<\/a><\/li>\n<li class=\"page_item page-item-23172\"><a href=\"https:\/\/help.instantatlas.com\/instantatlas-desktop\/es\/bienvenido\/empezar-con-instantatlas\/publicar-un-informe-para-america-del-norte\/\">Publicar un informe para Am\u00e9rica del Norte<\/a><\/li>\n\n<\/ul>\n","protected":false},"excerpt":{"rendered":"<p>Este documento le proporciona instrucciones sobre c\u00f3mo activar el software InstantAtlas y le gu\u00eda en el proceso de publicar un informe din\u00e1mico para la ciudad de Edimburgo. \u00a0Una vez que haya publicado su primer informe para los sectores de c\u00f3digo postal para la ciudad de Edimburgo, quiz\u00e1s quiera repetir el ejercicio usando nuestros datos para &hellip; <a href=\"https:\/\/help.instantatlas.com\/instantatlas-desktop\/es\/bienvenido\/empezar-con-instantatlas\/\" class=\"more-link\">Continue reading <span class=\"screen-reader-text\">Empezar con InstantAtlas<\/span><\/a><\/p>\n","protected":false},"author":22,"featured_media":0,"parent":19701,"menu_order":1,"comment_status":"open","ping_status":"open","template":"","meta":{"footnotes":""},"class_list":["post-19681","page","type-page","status-publish","hentry"],"_links":{"self":[{"href":"https:\/\/help.instantatlas.com\/instantatlas-desktop\/wp-json\/wp\/v2\/pages\/19681","targetHints":{"allow":["GET"]}}],"collection":[{"href":"https:\/\/help.instantatlas.com\/instantatlas-desktop\/wp-json\/wp\/v2\/pages"}],"about":[{"href":"https:\/\/help.instantatlas.com\/instantatlas-desktop\/wp-json\/wp\/v2\/types\/page"}],"author":[{"embeddable":true,"href":"https:\/\/help.instantatlas.com\/instantatlas-desktop\/wp-json\/wp\/v2\/users\/22"}],"replies":[{"embeddable":true,"href":"https:\/\/help.instantatlas.com\/instantatlas-desktop\/wp-json\/wp\/v2\/comments?post=19681"}],"version-history":[{"count":0,"href":"https:\/\/help.instantatlas.com\/instantatlas-desktop\/wp-json\/wp\/v2\/pages\/19681\/revisions"}],"up":[{"embeddable":true,"href":"https:\/\/help.instantatlas.com\/instantatlas-desktop\/wp-json\/wp\/v2\/pages\/19701"}],"wp:attachment":[{"href":"https:\/\/help.instantatlas.com\/instantatlas-desktop\/wp-json\/wp\/v2\/media?parent=19681"}],"curies":[{"name":"wp","href":"https:\/\/api.w.org\/{rel}","templated":true}]}}