{"id":22521,"date":"2016-08-02T16:29:05","date_gmt":"2016-08-02T15:29:05","guid":{"rendered":"https:\/\/help.instantatlas.com\/instantatlas-desktop\/?page_id=22521"},"modified":"2021-12-01T22:04:38","modified_gmt":"2021-12-01T22:04:38","slug":"requisitos-tecnicos","status":"publish","type":"page","link":"https:\/\/help.instantatlas.com\/instantatlas-desktop\/es\/bienvenido\/empezar-con-instantatlas\/requisitos-tecnicos\/","title":{"rendered":"Requisitos t\u00e9cnicos"},"content":{"rendered":"<p>Para ver un informe HTML se necesita:<\/p>\n<ul>\n<li>Un navegador moderno compatible con el <a href=\"http:\/\/caniuse.com\/#feat=canvas\" target=\"_blank\" rel=\"noopener noreferrer\">elemento Canvas de HTML5<\/a> (Internet Explorer 9 o superior, Firefox, Chrome, Opera y Safari [versi\u00f3n 5.1.4 o posterior]).<\/li>\n<\/ul>\n<p>Para crear un informe din\u00e1mico y aut\u00f3nomo con InstantAtlas Publisher, Designer y Stylesheet Editor necesitar\u00e1:<\/p>\n<ul>\n<li>Windows 7 o posterior<\/li>\n<li>64-bit PC con Pentium 3 o procesador equivalente con 512 MB de RAM o Pentium 4 2+ GHz procesador equivalente con 1GB+ de RAM (recomendado)<\/li>\n<li>Recomendado Microsoft Excel 2016 o posterior <span class=\"tlid-translation translation\" lang=\"es\"><span title=\"\" class=\"\">(las versiones anteriores pueden funcionar pero no est\u00e1n probadas).<\/span><\/span><\/li>\n<\/ul>\n","protected":false},"excerpt":{"rendered":"<p>Para ver un informe HTML se necesita: Un navegador moderno compatible con el elemento Canvas de HTML5 (Internet Explorer 9 o superior, Firefox, Chrome, Opera y Safari [versi\u00f3n 5.1.4 o posterior]). Para crear un informe din\u00e1mico y aut\u00f3nomo con InstantAtlas Publisher, Designer y Stylesheet Editor necesitar\u00e1: Windows 7 o posterior 64-bit PC con Pentium 3 &hellip; <a href=\"https:\/\/help.instantatlas.com\/instantatlas-desktop\/es\/bienvenido\/empezar-con-instantatlas\/requisitos-tecnicos\/\" class=\"more-link\">Continue reading <span class=\"screen-reader-text\">Requisitos t\u00e9cnicos<\/span><\/a><\/p>\n","protected":false},"author":22,"featured_media":0,"parent":19681,"menu_order":0,"comment_status":"open","ping_status":"open","template":"","meta":{"footnotes":""},"class_list":["post-22521","page","type-page","status-publish","hentry"],"_links":{"self":[{"href":"https:\/\/help.instantatlas.com\/instantatlas-desktop\/wp-json\/wp\/v2\/pages\/22521","targetHints":{"allow":["GET"]}}],"collection":[{"href":"https:\/\/help.instantatlas.com\/instantatlas-desktop\/wp-json\/wp\/v2\/pages"}],"about":[{"href":"https:\/\/help.instantatlas.com\/instantatlas-desktop\/wp-json\/wp\/v2\/types\/page"}],"author":[{"embeddable":true,"href":"https:\/\/help.instantatlas.com\/instantatlas-desktop\/wp-json\/wp\/v2\/users\/22"}],"replies":[{"embeddable":true,"href":"https:\/\/help.instantatlas.com\/instantatlas-desktop\/wp-json\/wp\/v2\/comments?post=22521"}],"version-history":[{"count":0,"href":"https:\/\/help.instantatlas.com\/instantatlas-desktop\/wp-json\/wp\/v2\/pages\/22521\/revisions"}],"up":[{"embeddable":true,"href":"https:\/\/help.instantatlas.com\/instantatlas-desktop\/wp-json\/wp\/v2\/pages\/19681"}],"wp:attachment":[{"href":"https:\/\/help.instantatlas.com\/instantatlas-desktop\/wp-json\/wp\/v2\/media?parent=22521"}],"curies":[{"name":"wp","href":"https:\/\/api.w.org\/{rel}","templated":true}]}}