{"id":22561,"date":"2016-08-02T16:29:44","date_gmt":"2016-08-02T15:29:44","guid":{"rendered":"https:\/\/help.instantatlas.com\/instantatlas-desktop\/?page_id=22561"},"modified":"2021-12-02T09:48:33","modified_gmt":"2021-12-02T09:48:33","slug":"instalar-instantatlas","status":"publish","type":"page","link":"https:\/\/help.instantatlas.com\/instantatlas-desktop\/es\/bienvenido\/empezar-con-instantatlas\/instalar-instantatlas\/","title":{"rendered":"Instalar InstantAtlas"},"content":{"rendered":"<p>Para activar InstantAtlas haga doble clic sobre el archivo de instalaci\u00f3n (.exe) descargado. Elija el idioma deseado para iniciar el asistente de instalaci\u00f3n.<\/p>\n<p><a href=\"https:\/\/help.instantatlas.com\/instantatlas-desktop\/wp-content\/uploads\/sites\/31\/2019\/04\/Installer_Select_Language_ES.png\"><img loading=\"lazy\" decoding=\"async\" src=\"https:\/\/help.instantatlas.com\/instantatlas-desktop\/wp-content\/uploads\/sites\/31\/2019\/04\/Installer_Select_Language_ES.png\" alt=\"\" class=\"alignnone size-full wp-image-33452\" width=\"340\" height=\"142\" srcset=\"https:\/\/help.instantatlas.com\/instantatlas-desktop\/wp-content\/uploads\/sites\/31\/2019\/04\/Installer_Select_Language_ES.png 340w, https:\/\/help.instantatlas.com\/instantatlas-desktop\/wp-content\/uploads\/sites\/31\/2019\/04\/Installer_Select_Language_ES-300x125.png 300w\" sizes=\"auto, (max-width: 340px) 100vw, 340px\" \/><\/a><\/p>\n<p>A continuaci\u00f3n podr\u00e1 leer el Acuerdo de Licencia y aceptarlo.<\/p>\n<p><a href=\"https:\/\/help.instantatlas.com\/instantatlas-desktop\/wp-content\/uploads\/sites\/31\/2020\/11\/EULA_es.png\"><img loading=\"lazy\" decoding=\"async\" src=\"https:\/\/help.instantatlas.com\/instantatlas-desktop\/wp-content\/uploads\/sites\/31\/2020\/11\/EULA_es.png\" alt=\"\" class=\"alignnone size-full wp-image-33815\" width=\"495\" height=\"387\" srcset=\"https:\/\/help.instantatlas.com\/instantatlas-desktop\/wp-content\/uploads\/sites\/31\/2020\/11\/EULA_es.png 495w, https:\/\/help.instantatlas.com\/instantatlas-desktop\/wp-content\/uploads\/sites\/31\/2020\/11\/EULA_es-300x235.png 300w\" sizes=\"auto, (max-width: 495px) 100vw, 495px\" \/><\/a><\/p>\n<p>Una vez que haya aceptado el Acuerdo de Licencia, puede elegir entre una instalaci\u00f3n est\u00e1ndar o una instalaci\u00f3n avanzada.<\/p>\n<p><a href=\"https:\/\/help.instantatlas.com\/instantatlas-desktop\/wp-content\/uploads\/sites\/31\/2019\/04\/Installer_Installation_Type_ES.png\"><\/a><a href=\"https:\/\/help.instantatlas.com\/instantatlas-desktop\/wp-content\/uploads\/sites\/31\/2020\/11\/InstType_es.png\"><img loading=\"lazy\" decoding=\"async\" src=\"https:\/\/help.instantatlas.com\/instantatlas-desktop\/wp-content\/uploads\/sites\/31\/2020\/11\/InstType_es.png\" alt=\"\" class=\"alignnone size-full wp-image-33814\" width=\"495\" height=\"387\" srcset=\"https:\/\/help.instantatlas.com\/instantatlas-desktop\/wp-content\/uploads\/sites\/31\/2020\/11\/InstType_es.png 495w, https:\/\/help.instantatlas.com\/instantatlas-desktop\/wp-content\/uploads\/sites\/31\/2020\/11\/InstType_es-300x235.png 300w\" sizes=\"auto, (max-width: 495px) 100vw, 495px\" \/><\/a><\/p>\n<p>La mayor\u00eda de la gente utiliza el opci\u00f3n est\u00e1ndar de instalaci\u00f3n. Solamente tiene que elegir la instalaci\u00f3n avanzada si quiere:<\/p>\n<p>1. Modificar las configuraciones por defecto del acceso directo de InstantAtlas<br \/>\n2. Modificar las configuraciones por defecto de la gesti\u00f3n de los ficheros<br \/>\n3. Modificar las configuraciones por defecto del paquete de idiomas<br \/>\n4. Modificar la carpeta de destino<\/p>\n<p>Hay paquetes de idiomas para ingl\u00e9s (Reino Unido), ingl\u00e9s (EE.UU), franc\u00e9s, alem\u00e1n e espa\u00f1ol. La instalaci\u00f3n est\u00e1ndar instala el paquete de idioma adecuado bas\u00e1ndose en la selecci\u00f3n del idioma usado para el proceso de instalaci\u00f3n y en la configuraci\u00f3n regional del idioma en el sistema operativo. La instalaci\u00f3n avanzada le ofrece mayor flexibilidad sobre los paquetes de idiomas instalados.<br \/>\nMediante la instalaci\u00f3n avanzada puede elegir entre las opciones siguientes:<\/p>\n<p><a href=\"https:\/\/help.instantatlas.com\/instantatlas-desktop\/wp-content\/uploads\/sites\/31\/2020\/11\/InstType2_es.png\"><img loading=\"lazy\" decoding=\"async\" src=\"https:\/\/help.instantatlas.com\/instantatlas-desktop\/wp-content\/uploads\/sites\/31\/2020\/11\/InstType2_es.png\" alt=\"\" class=\"alignnone size-full wp-image-33813\" width=\"495\" height=\"387\" srcset=\"https:\/\/help.instantatlas.com\/instantatlas-desktop\/wp-content\/uploads\/sites\/31\/2020\/11\/InstType2_es.png 495w, https:\/\/help.instantatlas.com\/instantatlas-desktop\/wp-content\/uploads\/sites\/31\/2020\/11\/InstType2_es-300x235.png 300w\" sizes=\"auto, (max-width: 495px) 100vw, 495px\" \/><\/a><\/p>\n<p>La instalaci\u00f3n t\u00edpica es la misma como la instalaci\u00f3n est\u00e1ndar. La instalaci\u00f3n completa instalar\u00e1 todos los paquetes de idiomas. Mediante la instalaci\u00f3n personalizada puede elegir el paquete de idiomas. Asimismo, puede elegir la carpeta de destino.<\/p>\n<p><a href=\"https:\/\/help.instantatlas.com\/instantatlas-desktop\/wp-content\/uploads\/sites\/31\/2020\/11\/CustomInst_es.png\"><img loading=\"lazy\" decoding=\"async\" src=\"https:\/\/help.instantatlas.com\/instantatlas-desktop\/wp-content\/uploads\/sites\/31\/2020\/11\/CustomInst_es.png\" alt=\"\" class=\"alignnone size-full wp-image-33812\" width=\"495\" height=\"387\" srcset=\"https:\/\/help.instantatlas.com\/instantatlas-desktop\/wp-content\/uploads\/sites\/31\/2020\/11\/CustomInst_es.png 495w, https:\/\/help.instantatlas.com\/instantatlas-desktop\/wp-content\/uploads\/sites\/31\/2020\/11\/CustomInst_es-300x235.png 300w\" sizes=\"auto, (max-width: 495px) 100vw, 495px\" \/><\/a><\/p>\n<p>Haga clic en el s\u00edmbolo <img loading=\"lazy\" decoding=\"async\" src=\"https:\/\/help.instantatlas.com\/instantatlas-desktop\/wp-content\/uploads\/sites\/31\/2015\/08\/imageXX-e1439984153620.png\" class=\"alignnone\" width=\"32\" height=\"18\" \/>y elija los idiomas deseados: \u2018Sera instalada en el disco duro local\u2019.<\/p>\n<p>Posteriormente a la instalaci\u00f3n, inicie el InstantAtlas Publisher. Deber\u00eda ver la pantalla de &#8216;Bienvenida&#8217;, <span>as\u00ed como los botones &#8220;Siguiente&#8221; y &#8220;Atr\u00e1s&#8221; que lo guiar\u00e1n a trav\u00e9s de la <a href=\"https:\/\/help.instantatlas.com\/instantatlas-desktop\/es\/bienvenido\/empezar-con-instantatlas\/publicar-su-primer-informe-instantatlas\/\">publicaci\u00f3n de su primer informe<\/a>.<\/span><\/p>\n","protected":false},"excerpt":{"rendered":"<p>Para activar InstantAtlas haga doble clic sobre el archivo de instalaci\u00f3n (.exe) descargado. Elija el idioma deseado para iniciar el asistente de instalaci\u00f3n. A continuaci\u00f3n podr\u00e1 leer el Acuerdo de Licencia y aceptarlo. Una vez que haya aceptado el Acuerdo de Licencia, puede elegir entre una instalaci\u00f3n est\u00e1ndar o una instalaci\u00f3n avanzada. La mayor\u00eda de &hellip; <a href=\"https:\/\/help.instantatlas.com\/instantatlas-desktop\/es\/bienvenido\/empezar-con-instantatlas\/instalar-instantatlas\/\" class=\"more-link\">Continue reading <span class=\"screen-reader-text\">Instalar InstantAtlas<\/span><\/a><\/p>\n","protected":false},"author":22,"featured_media":0,"parent":19681,"menu_order":1,"comment_status":"open","ping_status":"open","template":"","meta":{"footnotes":""},"class_list":["post-22561","page","type-page","status-publish","hentry"],"_links":{"self":[{"href":"https:\/\/help.instantatlas.com\/instantatlas-desktop\/wp-json\/wp\/v2\/pages\/22561","targetHints":{"allow":["GET"]}}],"collection":[{"href":"https:\/\/help.instantatlas.com\/instantatlas-desktop\/wp-json\/wp\/v2\/pages"}],"about":[{"href":"https:\/\/help.instantatlas.com\/instantatlas-desktop\/wp-json\/wp\/v2\/types\/page"}],"author":[{"embeddable":true,"href":"https:\/\/help.instantatlas.com\/instantatlas-desktop\/wp-json\/wp\/v2\/users\/22"}],"replies":[{"embeddable":true,"href":"https:\/\/help.instantatlas.com\/instantatlas-desktop\/wp-json\/wp\/v2\/comments?post=22561"}],"version-history":[{"count":0,"href":"https:\/\/help.instantatlas.com\/instantatlas-desktop\/wp-json\/wp\/v2\/pages\/22561\/revisions"}],"up":[{"embeddable":true,"href":"https:\/\/help.instantatlas.com\/instantatlas-desktop\/wp-json\/wp\/v2\/pages\/19681"}],"wp:attachment":[{"href":"https:\/\/help.instantatlas.com\/instantatlas-desktop\/wp-json\/wp\/v2\/media?parent=22561"}],"curies":[{"name":"wp","href":"https:\/\/api.w.org\/{rel}","templated":true}]}}