{"id":23172,"date":"2016-08-02T16:40:59","date_gmt":"2016-08-02T15:40:59","guid":{"rendered":"https:\/\/help.instantatlas.com\/instantatlas-desktop\/?page_id=23172"},"modified":"2020-11-19T11:21:45","modified_gmt":"2020-11-19T11:21:45","slug":"publicar-un-informe-para-america-del-norte","status":"publish","type":"page","link":"https:\/\/help.instantatlas.com\/instantatlas-desktop\/es\/bienvenido\/empezar-con-instantatlas\/publicar-un-informe-para-america-del-norte\/","title":{"rendered":"Publicar un informe para Am\u00e9rica del Norte"},"content":{"rendered":"<p>La instalaci\u00f3n de InstantAtlas incluye una muestra de datos para Am\u00e9rica del Norte. Le recomendamos que siga las instrucciones y, primeramente, cree un informe para la ciudad de Edimburgo.<\/p>\n<p>Los ficheros para Am\u00e9rica del Norte est\u00e1n ubicados en la carpeta \u2018maps\u2019 (mapas). La ubicaci\u00f3n por defecto de este archivo es:<\/p>\n<p>C:\\Archivos de programa\\EsriUK\\InstantAtlas\\maps\\<\/p>\n<p>El fichero north_america_admin.shp contiene los l\u00edmites de los sectores administrativos (estado\/regi\u00f3n) para los EE.UU y Canad\u00e1. El fichero north_america_countries.shp contiene los l\u00edmites nacionales para Am\u00e9rica del Norte. Le recomendamos que elija el fichero north_america_admin.shp como cartograf\u00eda base y el fichero north_america_countries.shp como cartograf\u00eda de contexto.<\/p>\n<p>Puede encontrar un archivo de datos en la carpeta \u2018workbooks\u2019 (libros). La ubicaci\u00f3n por defecto es:<\/p>\n<p>C:\\Archivos de programa\\EsriUK\\InstantAtlas\\workbooks\\North_America<\/p>\n","protected":false},"excerpt":{"rendered":"<p>La instalaci\u00f3n de InstantAtlas incluye una muestra de datos para Am\u00e9rica del Norte. Le recomendamos que siga las instrucciones y, primeramente, cree un informe para la ciudad de Edimburgo. Los ficheros para Am\u00e9rica del Norte est\u00e1n ubicados en la carpeta \u2018maps\u2019 (mapas). La ubicaci\u00f3n por defecto de este archivo es: C:\\Archivos de programa\\EsriUK\\InstantAtlas\\maps\\ El fichero &hellip; <a href=\"https:\/\/help.instantatlas.com\/instantatlas-desktop\/es\/bienvenido\/empezar-con-instantatlas\/publicar-un-informe-para-america-del-norte\/\" class=\"more-link\">Continue reading <span class=\"screen-reader-text\">Publicar un informe para Am\u00e9rica del Norte<\/span><\/a><\/p>\n","protected":false},"author":22,"featured_media":0,"parent":19681,"menu_order":8,"comment_status":"open","ping_status":"open","template":"","meta":{"footnotes":""},"class_list":["post-23172","page","type-page","status-publish","hentry"],"_links":{"self":[{"href":"https:\/\/help.instantatlas.com\/instantatlas-desktop\/wp-json\/wp\/v2\/pages\/23172","targetHints":{"allow":["GET"]}}],"collection":[{"href":"https:\/\/help.instantatlas.com\/instantatlas-desktop\/wp-json\/wp\/v2\/pages"}],"about":[{"href":"https:\/\/help.instantatlas.com\/instantatlas-desktop\/wp-json\/wp\/v2\/types\/page"}],"author":[{"embeddable":true,"href":"https:\/\/help.instantatlas.com\/instantatlas-desktop\/wp-json\/wp\/v2\/users\/22"}],"replies":[{"embeddable":true,"href":"https:\/\/help.instantatlas.com\/instantatlas-desktop\/wp-json\/wp\/v2\/comments?post=23172"}],"version-history":[{"count":0,"href":"https:\/\/help.instantatlas.com\/instantatlas-desktop\/wp-json\/wp\/v2\/pages\/23172\/revisions"}],"up":[{"embeddable":true,"href":"https:\/\/help.instantatlas.com\/instantatlas-desktop\/wp-json\/wp\/v2\/pages\/19681"}],"wp:attachment":[{"href":"https:\/\/help.instantatlas.com\/instantatlas-desktop\/wp-json\/wp\/v2\/media?parent=23172"}],"curies":[{"name":"wp","href":"https:\/\/api.w.org\/{rel}","templated":true}]}}